{"id":94,"date":"2022-08-10T17:27:10","date_gmt":"2022-08-10T17:27:10","guid":{"rendered":"http:\/\/klubszwajcary.pl\/?page_id=94"},"modified":"2022-10-09T07:20:36","modified_gmt":"2022-10-09T07:20:36","slug":"strona-glowna-2","status":"publish","type":"page","link":"https:\/\/klubszwajcary.pl\/","title":{"rendered":"Strona G\u0142\u00f3wna"},"content":{"rendered":"\t\t<div data-elementor-type=\"wp-page\" data-elementor-id=\"94\" class=\"elementor elementor-94\">\n\t\t\t\t\t\t<section class=\"elementor-section elementor-top-section elementor-element elementor-element-1cb167b elementor-hidden-desktop elementor-section-boxed elementor-section-height-default elementor-section-height-default\" data-id=\"1cb167b\" data-element_type=\"section\">\n\t\t\t\t\t\t<div class=\"elementor-container elementor-column-gap-default\">\n\t\t\t\t\t<div class=\"elementor-column elementor-col-100 elementor-top-column elementor-element elementor-element-dd40e09\" data-id=\"dd40e09\" data-element_type=\"column\">\n\t\t\t<div class=\"elementor-widget-wrap elementor-element-populated\">\n\t\t\t\t\t\t<div class=\"elementor-element elementor-element-2a7757a elementor-widget elementor-widget-image\" data-id=\"2a7757a\" data-element_type=\"widget\" data-widget_type=\"image.default\">\n\t\t\t\t<div class=\"elementor-widget-container\">\n\t\t\t\t\t\t\t\t\t\t\t\t<figure class=\"wp-caption\">\n\t\t\t\t\t\t\t\t\t\t\t<a href=\"https:\/\/klubszwajcary.pl\/index.php\/aktualnosci\/\">\n\t\t\t\t\t\t\t<img fetchpriority=\"high\" decoding=\"async\" width=\"300\" height=\"219\" src=\"https:\/\/klubszwajcary.pl\/wp-content\/uploads\/2022\/08\/LOGO-NEW-300x219.png\" class=\"attachment-medium size-medium wp-image-181\" alt=\"logo\" srcset=\"https:\/\/klubszwajcary.pl\/wp-content\/uploads\/2022\/08\/LOGO-NEW-300x219.png 300w, https:\/\/klubszwajcary.pl\/wp-content\/uploads\/2022\/08\/LOGO-NEW-1024x746.png 1024w, https:\/\/klubszwajcary.pl\/wp-content\/uploads\/2022\/08\/LOGO-NEW-768x560.png 768w, https:\/\/klubszwajcary.pl\/wp-content\/uploads\/2022\/08\/LOGO-NEW-1140x831.png 1140w, https:\/\/klubszwajcary.pl\/wp-content\/uploads\/2022\/08\/LOGO-NEW.png 1371w\" sizes=\"(max-width: 300px) 100vw, 300px\" \/>\t\t\t\t\t\t\t\t<\/a>\n\t\t\t\t\t\t\t\t\t\t\t<figcaption class=\"widget-image-caption wp-caption-text\">Aktualno\u015bci<\/figcaption>\n\t\t\t\t\t\t\t\t\t\t<\/figure>\n\t\t\t\t\t\t\t\t\t<\/div>\n\t\t\t\t<\/div>\n\t\t\t\t\t<\/div>\n\t\t<\/div>\n\t\t\t\t\t<\/div>\n\t\t<\/section>\n\t\t\t\t<section class=\"elementor-section elementor-top-section elementor-element elementor-element-57c2cf1 elementor-hidden-desktop elementor-section-boxed elementor-section-height-default elementor-section-height-default\" data-id=\"57c2cf1\" data-element_type=\"section\">\n\t\t\t\t\t\t<div class=\"elementor-container elementor-column-gap-default\">\n\t\t\t\t\t<div class=\"elementor-column elementor-col-25 elementor-top-column elementor-element elementor-element-6676d5e\" data-id=\"6676d5e\" data-element_type=\"column\">\n\t\t\t<div class=\"elementor-widget-wrap elementor-element-populated\">\n\t\t\t\t\t\t<div class=\"elementor-element elementor-element-bffb0dc elementor-widget elementor-widget-image\" data-id=\"bffb0dc\" data-element_type=\"widget\" data-widget_type=\"image.default\">\n\t\t\t\t<div class=\"elementor-widget-container\">\n\t\t\t\t\t\t\t\t\t\t\t\t<figure class=\"wp-caption\">\n\t\t\t\t\t\t\t\t\t\t\t<a href=\"https:\/\/klubszwajcary.pl\/index.php\/strona-glowna-2\/appenzeller\/\">\n\t\t\t\t\t\t\t<img decoding=\"async\" width=\"256\" height=\"300\" src=\"https:\/\/klubszwajcary.pl\/wp-content\/uploads\/2022\/08\/1-1-256x300.png\" class=\"attachment-medium size-medium wp-image-114\" alt=\"pies rasy Entlebucher\" srcset=\"https:\/\/klubszwajcary.pl\/wp-content\/uploads\/2022\/08\/1-1-256x300.png 256w, https:\/\/klubszwajcary.pl\/wp-content\/uploads\/2022\/08\/1-1.png 651w\" sizes=\"(max-width: 256px) 100vw, 256px\" \/>\t\t\t\t\t\t\t\t<\/a>\n\t\t\t\t\t\t\t\t\t\t\t<figcaption class=\"widget-image-caption wp-caption-text\">APPELLENZER<\/figcaption>\n\t\t\t\t\t\t\t\t\t\t<\/figure>\n\t\t\t\t\t\t\t\t\t<\/div>\n\t\t\t\t<\/div>\n\t\t\t\t\t<\/div>\n\t\t<\/div>\n\t\t\t\t<div class=\"elementor-column elementor-col-25 elementor-top-column elementor-element elementor-element-7f82e86\" data-id=\"7f82e86\" data-element_type=\"column\">\n\t\t\t<div class=\"elementor-widget-wrap elementor-element-populated\">\n\t\t\t\t\t\t<div class=\"elementor-element elementor-element-6ee83c8 elementor-widget elementor-widget-image\" data-id=\"6ee83c8\" data-element_type=\"widget\" data-widget_type=\"image.default\">\n\t\t\t\t<div class=\"elementor-widget-container\">\n\t\t\t\t\t\t\t\t\t\t\t\t<figure class=\"wp-caption\">\n\t\t\t\t\t\t\t\t\t\t\t<a href=\"https:\/\/klubszwajcary.pl\/index.php\/strona-glowna-2\/duzy-szwajcarski-pies-pasterski\/\">\n\t\t\t\t\t\t\t<img decoding=\"async\" width=\"233\" height=\"300\" src=\"https:\/\/klubszwajcary.pl\/wp-content\/uploads\/2022\/08\/2-233x300.png\" class=\"attachment-medium size-medium wp-image-157\" alt=\"2\" srcset=\"https:\/\/klubszwajcary.pl\/wp-content\/uploads\/2022\/08\/2-233x300.png 233w, https:\/\/klubszwajcary.pl\/wp-content\/uploads\/2022\/08\/2.png 647w\" sizes=\"(max-width: 233px) 100vw, 233px\" \/>\t\t\t\t\t\t\t\t<\/a>\n\t\t\t\t\t\t\t\t\t\t\t<figcaption class=\"widget-image-caption wp-caption-text\">DU\u017bY SZWAJCARSKI PIES PASTERSKI<\/figcaption>\n\t\t\t\t\t\t\t\t\t\t<\/figure>\n\t\t\t\t\t\t\t\t\t<\/div>\n\t\t\t\t<\/div>\n\t\t\t\t\t<\/div>\n\t\t<\/div>\n\t\t\t\t<div class=\"elementor-column elementor-col-25 elementor-top-column elementor-element elementor-element-8a73495\" data-id=\"8a73495\" data-element_type=\"column\">\n\t\t\t<div class=\"elementor-widget-wrap elementor-element-populated\">\n\t\t\t\t\t\t<div class=\"elementor-element elementor-element-f13389a elementor-widget elementor-widget-image\" data-id=\"f13389a\" data-element_type=\"widget\" data-widget_type=\"image.default\">\n\t\t\t\t<div class=\"elementor-widget-container\">\n\t\t\t\t\t\t\t\t\t\t\t\t<figure class=\"wp-caption\">\n\t\t\t\t\t\t\t\t\t\t\t<a href=\"https:\/\/klubszwajcary.pl\/index.php\/bernenski-pies-pasterski\/\">\n\t\t\t\t\t\t\t<img loading=\"lazy\" decoding=\"async\" width=\"238\" height=\"300\" src=\"https:\/\/klubszwajcary.pl\/wp-content\/uploads\/2022\/08\/3-238x300.png\" class=\"attachment-medium size-medium wp-image-104\" alt=\"3\" srcset=\"https:\/\/klubszwajcary.pl\/wp-content\/uploads\/2022\/08\/3-238x300.png 238w, https:\/\/klubszwajcary.pl\/wp-content\/uploads\/2022\/08\/3.png 651w\" sizes=\"(max-width: 238px) 100vw, 238px\" \/>\t\t\t\t\t\t\t\t<\/a>\n\t\t\t\t\t\t\t\t\t\t\t<figcaption class=\"widget-image-caption wp-caption-text\">BERNE\u0143SKI PIES PASTERSKI<\/figcaption>\n\t\t\t\t\t\t\t\t\t\t<\/figure>\n\t\t\t\t\t\t\t\t\t<\/div>\n\t\t\t\t<\/div>\n\t\t\t\t\t<\/div>\n\t\t<\/div>\n\t\t\t\t<div class=\"elementor-column elementor-col-25 elementor-top-column elementor-element elementor-element-ae215ee\" data-id=\"ae215ee\" data-element_type=\"column\">\n\t\t\t<div class=\"elementor-widget-wrap elementor-element-populated\">\n\t\t\t\t\t\t<div class=\"elementor-element elementor-element-1aa5a43 elementor-widget elementor-widget-image\" data-id=\"1aa5a43\" data-element_type=\"widget\" data-widget_type=\"image.default\">\n\t\t\t\t<div class=\"elementor-widget-container\">\n\t\t\t\t\t\t\t\t\t\t\t\t<figure class=\"wp-caption\">\n\t\t\t\t\t\t\t\t\t\t\t<a href=\"https:\/\/klubszwajcary.pl\/index.php\/strona-glowna-2\/entlebucher\/\">\n\t\t\t\t\t\t\t<img loading=\"lazy\" decoding=\"async\" width=\"245\" height=\"300\" src=\"https:\/\/klubszwajcary.pl\/wp-content\/uploads\/2022\/08\/4-245x300.png\" class=\"attachment-medium size-medium wp-image-105\" alt=\"4\" srcset=\"https:\/\/klubszwajcary.pl\/wp-content\/uploads\/2022\/08\/4-245x300.png 245w, https:\/\/klubszwajcary.pl\/wp-content\/uploads\/2022\/08\/4.png 604w\" sizes=\"(max-width: 245px) 100vw, 245px\" \/>\t\t\t\t\t\t\t\t<\/a>\n\t\t\t\t\t\t\t\t\t\t\t<figcaption class=\"widget-image-caption wp-caption-text\">ENTLEBUCHER<\/figcaption>\n\t\t\t\t\t\t\t\t\t\t<\/figure>\n\t\t\t\t\t\t\t\t\t<\/div>\n\t\t\t\t<\/div>\n\t\t\t\t\t<\/div>\n\t\t<\/div>\n\t\t\t\t\t<\/div>\n\t\t<\/section>\n\t\t\t\t<section class=\"elementor-section elementor-top-section elementor-element elementor-element-5cd7f7a elementor-section-height-min-height elementor-section-items-top elementor-section-content-middle elementor-hidden-tablet elementor-hidden-mobile elementor-section-boxed elementor-section-height-default elementor-invisible\" data-id=\"5cd7f7a\" data-element_type=\"section\" data-settings=\"{&quot;background_background&quot;:&quot;classic&quot;,&quot;animation&quot;:&quot;fadeIn&quot;}\">\n\t\t\t\t\t\t<div class=\"elementor-container elementor-column-gap-custom\">\n\t\t\t\t\t<div class=\"elementor-column elementor-col-25 elementor-top-column elementor-element elementor-element-5f2869c\" data-id=\"5f2869c\" data-element_type=\"column\">\n\t\t\t<div class=\"elementor-widget-wrap elementor-element-populated\">\n\t\t\t\t\t\t<div class=\"elementor-element elementor-element-58eb7e7 elementor-widget elementor-widget-spacer\" data-id=\"58eb7e7\" data-element_type=\"widget\" data-widget_type=\"spacer.default\">\n\t\t\t\t<div class=\"elementor-widget-container\">\n\t\t\t\t\t\t\t<div class=\"elementor-spacer\">\n\t\t\t<div class=\"elementor-spacer-inner\"><\/div>\n\t\t<\/div>\n\t\t\t\t\t\t<\/div>\n\t\t\t\t<\/div>\n\t\t\t\t<div class=\"elementor-element elementor-element-7a23f65 elementor-widget elementor-widget-image\" data-id=\"7a23f65\" data-element_type=\"widget\" data-widget_type=\"image.default\">\n\t\t\t\t<div class=\"elementor-widget-container\">\n\t\t\t\t\t\t\t\t\t\t\t\t\t\t\t\t<a href=\"https:\/\/klubszwajcary.pl\/index.php\/strona-glowna-2\/appenzeller\/\">\n\t\t\t\t\t\t\t<img decoding=\"async\" src=\"https:\/\/klubszwajcary.pl\/wp-content\/uploads\/elementor\/thumbs\/1-1-pt2i059jr6cbj9ekv86udmid4hywo4f1rjmxcyv20i.png\" title=\"1\" alt=\"pies rasy Entlebucher\" class=\"elementor-animation-grow\" loading=\"lazy\" \/>\t\t\t\t\t\t\t\t<\/a>\n\t\t\t\t\t\t\t\t\t\t\t\t\t\t\t<\/div>\n\t\t\t\t<\/div>\n\t\t\t\t\t<\/div>\n\t\t<\/div>\n\t\t\t\t<div class=\"elementor-column elementor-col-25 elementor-top-column elementor-element elementor-element-67deed7\" data-id=\"67deed7\" data-element_type=\"column\">\n\t\t\t<div class=\"elementor-widget-wrap elementor-element-populated\">\n\t\t\t\t\t\t<div class=\"elementor-element elementor-element-23db3a8 elementor-widget elementor-widget-image\" data-id=\"23db3a8\" data-element_type=\"widget\" data-widget_type=\"image.default\">\n\t\t\t\t<div class=\"elementor-widget-container\">\n\t\t\t\t\t\t\t\t\t\t\t\t\t\t\t\t<a href=\"https:\/\/klubszwajcary.pl\/index.php\/strona-glowna-2\/duzy-szwajcarski-pies-pasterski\/\">\n\t\t\t\t\t\t\t<img decoding=\"async\" src=\"https:\/\/klubszwajcary.pl\/wp-content\/uploads\/elementor\/thumbs\/2-pt2ildgc3hefq8kjwwij6ro42rcbi1otom0oixdzpm.png\" title=\"2\" alt=\"2\" class=\"elementor-animation-grow\" loading=\"lazy\" \/>\t\t\t\t\t\t\t\t<\/a>\n\t\t\t\t\t\t\t\t\t\t\t\t\t\t\t<\/div>\n\t\t\t\t<\/div>\n\t\t\t\t\t<\/div>\n\t\t<\/div>\n\t\t\t\t<div class=\"elementor-column elementor-col-25 elementor-top-column elementor-element elementor-element-5da82e5\" data-id=\"5da82e5\" data-element_type=\"column\">\n\t\t\t<div class=\"elementor-widget-wrap elementor-element-populated\">\n\t\t\t\t\t\t<div class=\"elementor-element elementor-element-fa8ae6c elementor-widget elementor-widget-image\" data-id=\"fa8ae6c\" data-element_type=\"widget\" data-widget_type=\"image.default\">\n\t\t\t\t<div class=\"elementor-widget-container\">\n\t\t\t\t\t\t\t\t\t\t\t\t\t\t\t\t<a href=\"http:\/\/klubszwajcary.pl\/index.php\/bernenski-pies-pasterski\/\">\n\t\t\t\t\t\t\t<img decoding=\"async\" src=\"https:\/\/klubszwajcary.pl\/wp-content\/uploads\/elementor\/thumbs\/3-pt2hlxxchawc3e1bt35sp7jlyvz8cs12h8qsafx87i.png\" title=\"3\" alt=\"3\" class=\"elementor-animation-grow\" loading=\"lazy\" \/>\t\t\t\t\t\t\t\t<\/a>\n\t\t\t\t\t\t\t\t\t\t\t\t\t\t\t<\/div>\n\t\t\t\t<\/div>\n\t\t\t\t\t<\/div>\n\t\t<\/div>\n\t\t\t\t<div class=\"elementor-column elementor-col-25 elementor-top-column elementor-element elementor-element-711ccc4\" data-id=\"711ccc4\" data-element_type=\"column\">\n\t\t\t<div class=\"elementor-widget-wrap elementor-element-populated\">\n\t\t\t\t\t\t<div class=\"elementor-element elementor-element-04d4e36 elementor-widget elementor-widget-spacer\" data-id=\"04d4e36\" data-element_type=\"widget\" data-widget_type=\"spacer.default\">\n\t\t\t\t<div class=\"elementor-widget-container\">\n\t\t\t\t\t\t\t<div class=\"elementor-spacer\">\n\t\t\t<div class=\"elementor-spacer-inner\"><\/div>\n\t\t<\/div>\n\t\t\t\t\t\t<\/div>\n\t\t\t\t<\/div>\n\t\t\t\t<div class=\"elementor-element elementor-element-cd1f76d elementor-widget elementor-widget-image\" data-id=\"cd1f76d\" data-element_type=\"widget\" data-widget_type=\"image.default\">\n\t\t\t\t<div class=\"elementor-widget-container\">\n\t\t\t\t\t\t\t\t\t\t\t\t\t\t\t\t<a href=\"https:\/\/klubszwajcary.pl\/index.php\/strona-glowna-2\/entlebucher\/\">\n\t\t\t\t\t\t\t<img decoding=\"async\" src=\"https:\/\/klubszwajcary.pl\/wp-content\/uploads\/elementor\/thumbs\/4-2-ptl999o7yjp4wr1qnz9bkawkjxedkny5yj3ek3hg3o.png\" title=\"4\" alt=\"4\" class=\"elementor-animation-grow\" loading=\"lazy\" \/>\t\t\t\t\t\t\t\t<\/a>\n\t\t\t\t\t\t\t\t\t\t\t\t\t\t\t<\/div>\n\t\t\t\t<\/div>\n\t\t\t\t\t<\/div>\n\t\t<\/div>\n\t\t\t\t\t<\/div>\n\t\t<\/section>\n\t\t\t\t<section class=\"elementor-section elementor-top-section elementor-element elementor-element-d9f3282 elementor-section-boxed elementor-section-height-default elementor-section-height-default\" data-id=\"d9f3282\" data-element_type=\"section\">\n\t\t\t\t\t\t<div class=\"elementor-container elementor-column-gap-default\">\n\t\t\t\t\t<div class=\"elementor-column elementor-col-100 elementor-top-column elementor-element elementor-element-deb79c4\" data-id=\"deb79c4\" data-element_type=\"column\">\n\t\t\t<div class=\"elementor-widget-wrap elementor-element-populated\">\n\t\t\t\t\t\t<div class=\"elementor-element elementor-element-338eb53 elementor-absolute elementor-hidden-tablet elementor-hidden-mobile elementor-widget elementor-widget-image\" data-id=\"338eb53\" data-element_type=\"widget\" data-settings=\"{&quot;_position&quot;:&quot;absolute&quot;}\" data-widget_type=\"image.default\">\n\t\t\t\t<div class=\"elementor-widget-container\">\n\t\t\t\t\t\t\t\t\t\t\t\t\t\t\t\t<a href=\"https:\/\/klubszwajcary.pl\/index.php\/aktualnosci\/\">\n\t\t\t\t\t\t\t<img loading=\"lazy\" decoding=\"async\" width=\"686\" height=\"500\" src=\"https:\/\/klubszwajcary.pl\/wp-content\/uploads\/2022\/09\/LOGO-500.png\" class=\"elementor-animation-grow attachment-large size-large wp-image-537\" alt=\"\" srcset=\"https:\/\/klubszwajcary.pl\/wp-content\/uploads\/2022\/09\/LOGO-500.png 686w, https:\/\/klubszwajcary.pl\/wp-content\/uploads\/2022\/09\/LOGO-500-300x219.png 300w\" sizes=\"(max-width: 686px) 100vw, 686px\" \/>\t\t\t\t\t\t\t\t<\/a>\n\t\t\t\t\t\t\t\t\t\t\t\t\t\t\t<\/div>\n\t\t\t\t<\/div>\n\t\t\t\t\t<\/div>\n\t\t<\/div>\n\t\t\t\t\t<\/div>\n\t\t<\/section>\n\t\t\t\t<\/div>\n\t\t","protected":false},"excerpt":{"rendered":"<p>Aktualno\u015bci APPELLENZER DU\u017bY SZWAJCARSKI PIES PASTERSKI BERNE\u0143SKI PIES PASTERSKI ENTLEBUCHER<\/p>\n","protected":false},"author":1,"featured_media":0,"parent":0,"menu_order":0,"comment_status":"closed","ping_status":"closed","template":"","meta":{"footnotes":""},"class_list":["post-94","page","type-page","status-publish","hentry"],"_links":{"self":[{"href":"https:\/\/klubszwajcary.pl\/index.php\/wp-json\/wp\/v2\/pages\/94","targetHints":{"allow":["GET"]}}],"collection":[{"href":"https:\/\/klubszwajcary.pl\/index.php\/wp-json\/wp\/v2\/pages"}],"about":[{"href":"https:\/\/klubszwajcary.pl\/index.php\/wp-json\/wp\/v2\/types\/page"}],"author":[{"embeddable":true,"href":"https:\/\/klubszwajcary.pl\/index.php\/wp-json\/wp\/v2\/users\/1"}],"replies":[{"embeddable":true,"href":"https:\/\/klubszwajcary.pl\/index.php\/wp-json\/wp\/v2\/comments?post=94"}],"version-history":[{"count":222,"href":"https:\/\/klubszwajcary.pl\/index.php\/wp-json\/wp\/v2\/pages\/94\/revisions"}],"predecessor-version":[{"id":805,"href":"https:\/\/klubszwajcary.pl\/index.php\/wp-json\/wp\/v2\/pages\/94\/revisions\/805"}],"wp:attachment":[{"href":"https:\/\/klubszwajcary.pl\/index.php\/wp-json\/wp\/v2\/media?parent=94"}],"curies":[{"name":"wp","href":"https:\/\/api.w.org\/{rel}","templated":true}]}}