{"id":410,"date":"2022-08-21T15:23:16","date_gmt":"2022-08-21T15:23:16","guid":{"rendered":"https:\/\/klubszwajcary.pl\/?page_id=410"},"modified":"2025-11-16T10:38:56","modified_gmt":"2025-11-16T10:38:56","slug":"reproduktory","status":"publish","type":"page","link":"https:\/\/klubszwajcary.pl\/index.php\/strona-glowna-2\/duzy-szwajcarski-pies-pasterski\/reproduktory\/","title":{"rendered":"Reproduktory"},"content":{"rendered":"\t\t<div data-elementor-type=\"wp-page\" data-elementor-id=\"410\" class=\"elementor elementor-410\">\n\t\t\t\t\t\t<section class=\"elementor-section elementor-top-section elementor-element elementor-element-48a1391 elementor-section-boxed elementor-section-height-default elementor-section-height-default\" data-id=\"48a1391\" data-element_type=\"section\">\n\t\t\t\t\t\t<div class=\"elementor-container elementor-column-gap-default\">\n\t\t\t\t\t<div class=\"elementor-column elementor-col-100 elementor-top-column elementor-element elementor-element-8f1ef95\" data-id=\"8f1ef95\" data-element_type=\"column\">\n\t\t\t<div class=\"elementor-widget-wrap elementor-element-populated\">\n\t\t\t\t\t\t<div class=\"elementor-element elementor-element-2adfdbf elementor-widget elementor-widget-heading\" data-id=\"2adfdbf\" data-element_type=\"widget\" data-widget_type=\"heading.default\">\n\t\t\t\t<div class=\"elementor-widget-container\">\n\t\t\t\t\t<h2 class=\"elementor-heading-title elementor-size-default\">REPRODUKTORY<\/h2>\t\t\t\t<\/div>\n\t\t\t\t<\/div>\n\t\t\t\t<div class=\"elementor-element elementor-element-e346719 elementor-widget elementor-widget-image\" data-id=\"e346719\" data-element_type=\"widget\" data-widget_type=\"image.default\">\n\t\t\t\t<div class=\"elementor-widget-container\">\n\t\t\t\t\t\t\t\t\t\t\t\t\t\t\t\t<a href=\"https:\/\/klubszwajcary.pl\/\">\n\t\t\t\t\t\t\t<img fetchpriority=\"high\" decoding=\"async\" width=\"960\" height=\"300\" src=\"https:\/\/klubszwajcary.pl\/wp-content\/uploads\/2022\/09\/baner-1960-1024x320.jpg\" class=\"attachment-large size-large wp-image-710\" alt=\"\" srcset=\"https:\/\/klubszwajcary.pl\/wp-content\/uploads\/2022\/09\/baner-1960-1024x320.jpg 1024w, https:\/\/klubszwajcary.pl\/wp-content\/uploads\/2022\/09\/baner-1960-300x94.jpg 300w, https:\/\/klubszwajcary.pl\/wp-content\/uploads\/2022\/09\/baner-1960-768x240.jpg 768w, https:\/\/klubszwajcary.pl\/wp-content\/uploads\/2022\/09\/baner-1960-1536x480.jpg 1536w, https:\/\/klubszwajcary.pl\/wp-content\/uploads\/2022\/09\/baner-1960-1140x357.jpg 1140w, https:\/\/klubszwajcary.pl\/wp-content\/uploads\/2022\/09\/baner-1960.jpg 1960w\" sizes=\"(max-width: 960px) 100vw, 960px\" \/>\t\t\t\t\t\t\t\t<\/a>\n\t\t\t\t\t\t\t\t\t\t\t\t\t\t\t<\/div>\n\t\t\t\t<\/div>\n\t\t\t\t<div class=\"elementor-element elementor-element-d9e3f07 hfe-nav-menu__align-center hfe-submenu-animation-slide_up hfe-nav-menu__breakpoint-mobile hfe-submenu-icon-arrow hfe-link-redirect-child elementor-widget elementor-widget-navigation-menu\" data-id=\"d9e3f07\" data-element_type=\"widget\" data-settings=\"{&quot;padding_horizontal_menu_item&quot;:{&quot;unit&quot;:&quot;px&quot;,&quot;size&quot;:19,&quot;sizes&quot;:[]},&quot;padding_vertical_menu_item&quot;:{&quot;unit&quot;:&quot;px&quot;,&quot;size&quot;:17,&quot;sizes&quot;:[]},&quot;menu_row_space&quot;:{&quot;unit&quot;:&quot;px&quot;,&quot;size&quot;:9,&quot;sizes&quot;:[]},&quot;padding_horizontal_menu_item_tablet&quot;:{&quot;unit&quot;:&quot;px&quot;,&quot;size&quot;:&quot;&quot;,&quot;sizes&quot;:[]},&quot;padding_horizontal_menu_item_mobile&quot;:{&quot;unit&quot;:&quot;px&quot;,&quot;size&quot;:&quot;&quot;,&quot;sizes&quot;:[]},&quot;padding_vertical_menu_item_tablet&quot;:{&quot;unit&quot;:&quot;px&quot;,&quot;size&quot;:&quot;&quot;,&quot;sizes&quot;:[]},&quot;padding_vertical_menu_item_mobile&quot;:{&quot;unit&quot;:&quot;px&quot;,&quot;size&quot;:&quot;&quot;,&quot;sizes&quot;:[]},&quot;menu_space_between&quot;:{&quot;unit&quot;:&quot;px&quot;,&quot;size&quot;:&quot;&quot;,&quot;sizes&quot;:[]},&quot;menu_space_between_tablet&quot;:{&quot;unit&quot;:&quot;px&quot;,&quot;size&quot;:&quot;&quot;,&quot;sizes&quot;:[]},&quot;menu_space_between_mobile&quot;:{&quot;unit&quot;:&quot;px&quot;,&quot;size&quot;:&quot;&quot;,&quot;sizes&quot;:[]},&quot;menu_row_space_tablet&quot;:{&quot;unit&quot;:&quot;px&quot;,&quot;size&quot;:&quot;&quot;,&quot;sizes&quot;:[]},&quot;menu_row_space_mobile&quot;:{&quot;unit&quot;:&quot;px&quot;,&quot;size&quot;:&quot;&quot;,&quot;sizes&quot;:[]},&quot;dropdown_border_radius&quot;:{&quot;unit&quot;:&quot;px&quot;,&quot;top&quot;:&quot;&quot;,&quot;right&quot;:&quot;&quot;,&quot;bottom&quot;:&quot;&quot;,&quot;left&quot;:&quot;&quot;,&quot;isLinked&quot;:true},&quot;dropdown_border_radius_tablet&quot;:{&quot;unit&quot;:&quot;px&quot;,&quot;top&quot;:&quot;&quot;,&quot;right&quot;:&quot;&quot;,&quot;bottom&quot;:&quot;&quot;,&quot;left&quot;:&quot;&quot;,&quot;isLinked&quot;:true},&quot;dropdown_border_radius_mobile&quot;:{&quot;unit&quot;:&quot;px&quot;,&quot;top&quot;:&quot;&quot;,&quot;right&quot;:&quot;&quot;,&quot;bottom&quot;:&quot;&quot;,&quot;left&quot;:&quot;&quot;,&quot;isLinked&quot;:true},&quot;width_dropdown_item&quot;:{&quot;unit&quot;:&quot;px&quot;,&quot;size&quot;:&quot;220&quot;,&quot;sizes&quot;:[]},&quot;width_dropdown_item_tablet&quot;:{&quot;unit&quot;:&quot;px&quot;,&quot;size&quot;:&quot;&quot;,&quot;sizes&quot;:[]},&quot;width_dropdown_item_mobile&quot;:{&quot;unit&quot;:&quot;px&quot;,&quot;size&quot;:&quot;&quot;,&quot;sizes&quot;:[]},&quot;padding_horizontal_dropdown_item&quot;:{&quot;unit&quot;:&quot;px&quot;,&quot;size&quot;:&quot;&quot;,&quot;sizes&quot;:[]},&quot;padding_horizontal_dropdown_item_tablet&quot;:{&quot;unit&quot;:&quot;px&quot;,&quot;size&quot;:&quot;&quot;,&quot;sizes&quot;:[]},&quot;padding_horizontal_dropdown_item_mobile&quot;:{&quot;unit&quot;:&quot;px&quot;,&quot;size&quot;:&quot;&quot;,&quot;sizes&quot;:[]},&quot;padding_vertical_dropdown_item&quot;:{&quot;unit&quot;:&quot;px&quot;,&quot;size&quot;:15,&quot;sizes&quot;:[]},&quot;padding_vertical_dropdown_item_tablet&quot;:{&quot;unit&quot;:&quot;px&quot;,&quot;size&quot;:&quot;&quot;,&quot;sizes&quot;:[]},&quot;padding_vertical_dropdown_item_mobile&quot;:{&quot;unit&quot;:&quot;px&quot;,&quot;size&quot;:&quot;&quot;,&quot;sizes&quot;:[]},&quot;distance_from_menu&quot;:{&quot;unit&quot;:&quot;px&quot;,&quot;size&quot;:&quot;&quot;,&quot;sizes&quot;:[]},&quot;distance_from_menu_tablet&quot;:{&quot;unit&quot;:&quot;px&quot;,&quot;size&quot;:&quot;&quot;,&quot;sizes&quot;:[]},&quot;distance_from_menu_mobile&quot;:{&quot;unit&quot;:&quot;px&quot;,&quot;size&quot;:&quot;&quot;,&quot;sizes&quot;:[]},&quot;toggle_size&quot;:{&quot;unit&quot;:&quot;px&quot;,&quot;size&quot;:&quot;&quot;,&quot;sizes&quot;:[]},&quot;toggle_size_tablet&quot;:{&quot;unit&quot;:&quot;px&quot;,&quot;size&quot;:&quot;&quot;,&quot;sizes&quot;:[]},&quot;toggle_size_mobile&quot;:{&quot;unit&quot;:&quot;px&quot;,&quot;size&quot;:&quot;&quot;,&quot;sizes&quot;:[]},&quot;toggle_border_width&quot;:{&quot;unit&quot;:&quot;px&quot;,&quot;size&quot;:&quot;&quot;,&quot;sizes&quot;:[]},&quot;toggle_border_width_tablet&quot;:{&quot;unit&quot;:&quot;px&quot;,&quot;size&quot;:&quot;&quot;,&quot;sizes&quot;:[]},&quot;toggle_border_width_mobile&quot;:{&quot;unit&quot;:&quot;px&quot;,&quot;size&quot;:&quot;&quot;,&quot;sizes&quot;:[]},&quot;toggle_border_radius&quot;:{&quot;unit&quot;:&quot;px&quot;,&quot;size&quot;:&quot;&quot;,&quot;sizes&quot;:[]},&quot;toggle_border_radius_tablet&quot;:{&quot;unit&quot;:&quot;px&quot;,&quot;size&quot;:&quot;&quot;,&quot;sizes&quot;:[]},&quot;toggle_border_radius_mobile&quot;:{&quot;unit&quot;:&quot;px&quot;,&quot;size&quot;:&quot;&quot;,&quot;sizes&quot;:[]}}\" data-widget_type=\"navigation-menu.default\">\n\t\t\t\t<div class=\"elementor-widget-container\">\n\t\t\t\t\t\t\t\t<div class=\"hfe-nav-menu hfe-layout-horizontal hfe-nav-menu-layout horizontal hfe-pointer__none\" data-layout=\"horizontal\">\n\t\t\t\t<div role=\"button\" class=\"hfe-nav-menu__toggle elementor-clickable\" tabindex=\"0\" aria-label=\"Prze\u0142\u0105cznik menu\">\n\t\t\t\t\t<span class=\"screen-reader-text\">Menu<\/span>\n\t\t\t\t\t<div class=\"hfe-nav-menu-icon\">\n\t\t\t\t\t\t<i aria-hidden=\"true\"  class=\"fas fa-align-justify\"><\/i>\t\t\t\t\t<\/div>\n\t\t\t\t<\/div>\n\t\t\t\t<nav itemscope=\"itemscope\" itemtype=\"https:\/\/schema.org\/SiteNavigationElement\" class=\"hfe-nav-menu__layout-horizontal hfe-nav-menu__submenu-arrow\" data-toggle-icon=\"&lt;i aria-hidden=&quot;true&quot; tabindex=&quot;0&quot; class=&quot;fas fa-align-justify&quot;&gt;&lt;\/i&gt;\" data-close-icon=\"&lt;i aria-hidden=&quot;true&quot; tabindex=&quot;0&quot; class=&quot;far fa-window-close&quot;&gt;&lt;\/i&gt;\" data-full-width=\"yes\">\n\t\t\t\t\t<ul id=\"menu-1-d9e3f07\" class=\"hfe-nav-menu\"><li id=\"menu-item-442\" itemprop=\"name\" class=\"menu-item menu-item-type-post_type menu-item-object-page menu-item-home parent hfe-creative-menu\"><a href=\"https:\/\/klubszwajcary.pl\/\" itemprop=\"url\" class = \"hfe-menu-item\">Strona G\u0142\u00f3wna<\/a><\/li>\n<li id=\"menu-item-700\" itemprop=\"name\" class=\"menu-item menu-item-type-custom menu-item-object-custom parent hfe-creative-menu\"><a href=\"https:\/\/klubszwajcary.pl\/wp-content\/uploads\/2022\/09\/wzorzec-duzy-szwajcarski-pies-pasterski-58.pdf\" itemprop=\"url\" class = \"hfe-menu-item\">Wzorzec Rasy (PDF)<\/a><\/li>\n<li id=\"menu-item-440\" itemprop=\"name\" class=\"menu-item menu-item-type-post_type menu-item-object-page parent hfe-creative-menu\"><a href=\"https:\/\/klubszwajcary.pl\/index.php\/strona-glowna-2\/duzy-szwajcarski-pies-pasterski\/hodowle\/\" itemprop=\"url\" class = \"hfe-menu-item\">Hodowle<\/a><\/li>\n<li id=\"menu-item-439\" itemprop=\"name\" class=\"menu-item menu-item-type-post_type menu-item-object-page parent hfe-creative-menu\"><a href=\"https:\/\/klubszwajcary.pl\/index.php\/strona-glowna-2\/duzy-szwajcarski-pies-pasterski\/reproduktory\/\" itemprop=\"url\" class = \"hfe-menu-item\">Reproduktory<\/a><\/li>\n<li id=\"menu-item-438\" itemprop=\"name\" class=\"menu-item menu-item-type-post_type menu-item-object-page parent hfe-creative-menu\"><a href=\"https:\/\/klubszwajcary.pl\/index.php\/strona-glowna-2\/duzy-szwajcarski-pies-pasterski\/zdrowie\/\" itemprop=\"url\" class = \"hfe-menu-item\">Zdrowie<\/a><\/li>\n<li id=\"menu-item-437\" itemprop=\"name\" class=\"menu-item menu-item-type-post_type menu-item-object-page parent hfe-creative-menu\"><a href=\"https:\/\/klubszwajcary.pl\/index.php\/strona-glowna-2\/duzy-szwajcarski-pies-pasterski\/kontakt\/\" itemprop=\"url\" class = \"hfe-menu-item\">Kontakt<\/a><\/li>\n<\/ul> \n\t\t\t\t<\/nav>\n\t\t\t<\/div>\n\t\t\t\t\t\t\t<\/div>\n\t\t\t\t<\/div>\n\t\t\t\t<div class=\"elementor-element elementor-element-2e70a72 elementor-widget elementor-widget-text-editor\" data-id=\"2e70a72\" data-element_type=\"widget\" data-widget_type=\"text-editor.default\">\n\t\t\t\t<div class=\"elementor-widget-container\">\n\t\t\t\t\t\t\t\t\t\n<table style=\"border-collapse: collapse; width: 100%; font-family: Arial, sans-serif; color: #000;\">\n  <thead>\n    <tr style=\"background-color: #e0e0e0; color: #000;\">\n      <th style=\"border: 1px solid #999; padding: 8px;\">Imi\u0119 psa<\/th>\n      <th style=\"border: 1px solid #999; padding: 8px;\">W\u0142a\u015bciciel<\/th>\n      <th style=\"border: 1px solid #999; padding: 8px;\">Hodowla<\/th>\n      <th style=\"border: 1px solid #999; padding: 8px;\">Telefon<\/th>\n      <th style=\"border: 1px solid #999; padding: 8px;\">E-mail<\/th>\n      <th style=\"border: 1px solid #999; padding: 8px;\">Badania<\/th>\n    <\/tr>\n  <\/thead>\n  <tbody>\n<tr>\n      <td style=\"border: 1px solid #ccc; padding: 8px;\">ELVADORO Ja\u0107wingowy Gr\u00f3d<\/td>\n      <td style=\"border: 1px solid #ccc; padding: 8px;\">Mariola Judzewicz<\/td>\n      <td style=\"border: 1px solid #ccc; padding: 8px;\">Ja\u0107wingowy Gr\u00f3d FCI<\/td>\n      <td style=\"border: 1px solid #ccc; padding: 8px; white-space: nowrap;\"><a href=\"tel:786108106\">786 108 106<\/a><\/td>\n      <td style=\"border: 1px solid #ccc; padding: 8px;\"><a href=\"mailto:kontaktjacwingowygrod@gmail.com\">kontaktjacwingowygrod@gmail.com<\/a><\/td>\n      <td style=\"border: 1px solid #ccc; padding: 8px; white-space: pre-wrap;\">HD A, ED O\/O, OCD O\/O\nProfil DNA\nMental tests 5\/5\nEye examination &#8211; disease free eyes &#8211; eyes clear\nGenetic testing for thinning of hair pigmentation D\/D &#8211; N\/N clear\nGenetic testing for hair length &#8211; genotype L\/L &#8211; N\/N clear\nGenetic testing for Postoperative haemorrhage (P2Y12) &#8211; N\/N clear\nGenetic testing for Hyperurikosuria (SLC) &#8211; N\/N clear\nGenetic testing for Malignant hyperthermia (MH) &#8211; N\/N clear\nGenetic testing for Degenerative myelopathy (DM exon 2) &#8211; N\/N clear<\/td>\n    <\/tr>\n<tr>\n      <td style=\"border: 1px solid #ccc; padding: 8px;\">MACHO Ja\u0107wingowy Gr\u00f3d<\/td>\n      <td style=\"border: 1px solid #ccc; padding: 8px;\">Mariola Judzewicz<\/td>\n      <td style=\"border: 1px solid #ccc; padding: 8px;\">Ja\u0107wingowy Gr\u00f3d FCI<\/td>\n      <td style=\"border: 1px solid #ccc; padding: 8px; white-space: nowrap;\"><a href=\"tel:786108106\">786 108 106<\/a><\/td>\n      <td style=\"border: 1px solid #ccc; padding: 8px;\"><a href=\"mailto:kontaktjacwingowygrod@gmail.com\">kontaktjacwingowygrod@gmail.com<\/a><\/td>\n      <td style=\"border: 1px solid #ccc; padding: 8px; white-space: pre-wrap;\">HD A, ED O\/O, OCD O\/O\nMental tests 5\/5\nL \/ L long hair gene , D \/ D blue gene\nEye examination &#8211; disease free eyes &#8211; eyes clear<\/td>\n    <\/tr>\n<tr>\n      <td style=\"border: 1px solid #ccc; padding: 8px;\">RAYNER Eki Balarda<\/td>\n      <td style=\"border: 1px solid #ccc; padding: 8px;\">Andrzej Przetak<\/td>\n      <td style=\"border: 1px solid #ccc; padding: 8px;\">Eki Balarda FCI<\/td>\n      <td style=\"border: 1px solid #ccc; padding: 8px; white-space: nowrap;\"><a href=\"tel:693802405\">693 802 405<\/a><\/td>\n      <td style=\"border: 1px solid #ccc; padding: 8px;\"><a href=\"mailto:ewep1@interia.pl\">ewep1@interia.pl<\/a><\/td>\n      <td style=\"border: 1px solid #ccc; padding: 8px; white-space: pre-wrap;\">HD A, ED O\/O, OCD O\/O\nEye examination &#8211; disease-free eyes\nGenetic testing for hair length &#8211; genotype L\/L\nGenetic testing for thinning of hair pigmentation &#8211; genotype D\/D\nGenetic testing for postoperative bleeding (P2Y12)<\/td>\n    <\/tr>\n<tr>\n      <td style=\"border: 1px solid #ccc; padding: 8px;\">SAN DIEGO Ja\u0107wingowy Gr\u00f3d<\/td>\n      <td style=\"border: 1px solid #ccc; padding: 8px;\">Mariola Judzewicz<\/td>\n      <td style=\"border: 1px solid #ccc; padding: 8px;\">Ja\u0107wingowy Gr\u00f3d FCI<\/td>\n      <td style=\"border: 1px solid #ccc; padding: 8px; white-space: nowrap;\"><a href=\"tel:786108106\">786 108 106<\/a><\/td>\n      <td style=\"border: 1px solid #ccc; padding: 8px;\"><a href=\"mailto:kontaktjacwingowygrod@gmail.com\">kontaktjacwingowygrod@gmail.com<\/a><\/td>\n      <td style=\"border: 1px solid #ccc; padding: 8px; white-space: pre-wrap;\">HD A, ED O\/O, OCD O\/O\nMental tests 5\/5\nEye examination &#8211; disease free eyes &#8211; eyes clear\nGenetic testing for thinning of hair pigmentation D\/D &#8211; N\/N clear\nGenetic testing for hair length &#8211; genotype L\/L &#8211; N\/N clear\nGenetic testing for Postoperative haemorrhage (P2Y12) &#8211; N\/N clear\nGenetic testing for Hyperurikosuria (SLC) &#8211; N\/N clear\nGenetic testing for Malignant hyperthermia (MH) &#8211; N\/N clear\nGenetic testing for Degenerative myelopathy (DM exon 2) &#8211; N\/N clear<\/td>\n    <\/tr>\n<tr>\n      <td style=\"border: 1px solid #ccc; padding: 8px;\">TAHIR Morenowe Siedlisko<\/td>\n      <td style=\"border: 1px solid #ccc; padding: 8px;\">Edyta Dudek<\/td>\n      <td style=\"border: 1px solid #ccc; padding: 8px;\">TAHIR Morenowe Siedlisko FCI<\/td>\n      <td style=\"border: 1px solid #ccc; padding: 8px; white-space: nowrap;\"><a href=\"tel:509366169\">509 366 169<\/a><\/td>\n      <td style=\"border: 1px solid #ccc; padding: 8px;\"><a href=\"mailto:edytatdudek@gmail.com\">edytatdudek@gmail.com<\/a><\/td>\n      <td style=\"border: 1px solid #ccc; padding: 8px; white-space: pre-wrap;\">HD:A, ED0\/0, OCD 0\/0\nWolny od chor\u00f3b genetycznych oczu\nDegenerative Myelopathy (DM) &#8211; DM exon 1 N\/N, DM exon 2 N\/N\nHyperuricosuria (SLC) &#8211; N\/N\nProgressive retinal atrophy (prcd-PRA) &#8211; N\/N\nPostoperative hemorrhage (P2Y12) &#8211; N\/N<\/td>\n    <\/tr>\n<\/tbody>\n<\/table>\t\t\t\t\t\t\t\t<\/div>\n\t\t\t\t<\/div>\n\t\t\t\t\t<\/div>\n\t\t<\/div>\n\t\t\t\t\t<\/div>\n\t\t<\/section>\n\t\t\t\t<section class=\"elementor-section elementor-top-section elementor-element elementor-element-1c16f9a elementor-section-boxed elementor-section-height-default elementor-section-height-default\" data-id=\"1c16f9a\" data-element_type=\"section\">\n\t\t\t\t\t\t<div class=\"elementor-container elementor-column-gap-default\">\n\t\t\t\t\t<div class=\"elementor-column elementor-col-100 elementor-top-column elementor-element elementor-element-ee36722\" data-id=\"ee36722\" data-element_type=\"column\">\n\t\t\t<div class=\"elementor-widget-wrap\">\n\t\t\t\t\t\t\t<\/div>\n\t\t<\/div>\n\t\t\t\t\t<\/div>\n\t\t<\/section>\n\t\t\t\t<\/div>\n\t\t","protected":false},"excerpt":{"rendered":"<p>REPRODUKTORY Menu Strona G\u0142\u00f3wna Wzorzec Rasy (PDF) Hodowle Reproduktory Zdrowie Kontakt Imi\u0119 psa W\u0142a\u015bciciel Hodowla Telefon E-mail Badania ELVADORO Ja\u0107wingowy Gr\u00f3d Mariola Judzewicz Ja\u0107wingowy Gr\u00f3d FCI 786 108 106 kontaktjacwingowygrod@gmail.com HD A, ED O\/O, OCD O\/O Profil DNA Mental tests 5\/5 Eye examination &#8211; disease free eyes &#8211; eyes clear Genetic testing for thinning of hair pigmentation D\/D &#8211; N\/N clear Genetic testing for hair length &#8211; genotype L\/L &#8211; N\/N clear Genetic testing for Postoperative haemorrhage (P2Y12) &#8211; N\/N clear Genetic testing for Hyperurikosuria (SLC) &#8211; N\/N clear Genetic testing for Malignant hyperthermia (MH) &#8211; N\/N clear Genetic testing for Degenerative myelopathy (DM exon 2) &#8211; N\/N clear MACHO Ja\u0107wingowy Gr\u00f3d Mariola Judzewicz Ja\u0107wingowy Gr\u00f3d FCI 786 108 106 kontaktjacwingowygrod@gmail.com HD A, ED O\/O, OCD O\/O Mental tests 5\/5 L \/ L long hair gene , D \/ D blue gene Eye examination &#8211; disease free eyes &#8211; eyes clear RAYNER Eki Balarda Andrzej Przetak Eki Balarda FCI 693 802 405 ewep1@interia.pl HD A, ED O\/O, OCD O\/O Eye examination &#8211; disease-free eyes Genetic testing for hair length &#8211; genotype L\/L Genetic testing for thinning of hair pigmentation &#8211; genotype D\/D Genetic testing for postoperative bleeding (P2Y12) SAN DIEGO Ja\u0107wingowy Gr\u00f3d Mariola Judzewicz Ja\u0107wingowy Gr\u00f3d FCI 786 108 106 kontaktjacwingowygrod@gmail.com HD A, ED O\/O, OCD O\/O Mental tests 5\/5 Eye examination &#8211; disease free eyes &#8211; eyes clear Genetic testing for thinning of hair pigmentation D\/D &#8211; N\/N clear Genetic testing for hair length &#8211; genotype L\/L &#8211; N\/N clear Genetic testing for Postoperative haemorrhage (P2Y12) &#8211; N\/N clear Genetic testing for Hyperurikosuria (SLC) &#8211; N\/N clear Genetic testing for Malignant hyperthermia (MH) &#8211; N\/N clear Genetic testing for Degenerative myelopathy (DM exon 2) &#8211; N\/N clear TAHIR Morenowe Siedlisko Edyta Dudek TAHIR Morenowe Siedlisko FCI 509 366 169 edytatdudek@gmail.com HD:A, ED0\/0, OCD 0\/0 Wolny od chor\u00f3b genetycznych oczu Degenerative Myelopathy (DM) &#8211; DM exon 1 N\/N, DM exon 2 N\/N Hyperuricosuria (SLC) &#8211; N\/N Progressive retinal atrophy (prcd-PRA) &#8211; N\/N Postoperative hemorrhage (P2Y12) &#8211; N\/N<\/p>\n","protected":false},"author":1,"featured_media":0,"parent":401,"menu_order":0,"comment_status":"closed","ping_status":"closed","template":"","meta":{"footnotes":""},"class_list":["post-410","page","type-page","status-publish","hentry"],"_links":{"self":[{"href":"https:\/\/klubszwajcary.pl\/index.php\/wp-json\/wp\/v2\/pages\/410","targetHints":{"allow":["GET"]}}],"collection":[{"href":"https:\/\/klubszwajcary.pl\/index.php\/wp-json\/wp\/v2\/pages"}],"about":[{"href":"https:\/\/klubszwajcary.pl\/index.php\/wp-json\/wp\/v2\/types\/page"}],"author":[{"embeddable":true,"href":"https:\/\/klubszwajcary.pl\/index.php\/wp-json\/wp\/v2\/users\/1"}],"replies":[{"embeddable":true,"href":"https:\/\/klubszwajcary.pl\/index.php\/wp-json\/wp\/v2\/comments?post=410"}],"version-history":[{"count":4,"href":"https:\/\/klubszwajcary.pl\/index.php\/wp-json\/wp\/v2\/pages\/410\/revisions"}],"predecessor-version":[{"id":1045,"href":"https:\/\/klubszwajcary.pl\/index.php\/wp-json\/wp\/v2\/pages\/410\/revisions\/1045"}],"up":[{"embeddable":true,"href":"https:\/\/klubszwajcary.pl\/index.php\/wp-json\/wp\/v2\/pages\/401"}],"wp:attachment":[{"href":"https:\/\/klubszwajcary.pl\/index.php\/wp-json\/wp\/v2\/media?parent=410"}],"curies":[{"name":"wp","href":"https:\/\/api.w.org\/{rel}","templated":true}]}}